{"id":93,"date":"2018-05-21T13:17:35","date_gmt":"2018-05-21T13:17:35","guid":{"rendered":"http:\/\/swinging-seagulls.de\/?page_id=93"},"modified":"2018-06-10T10:35:14","modified_gmt":"2018-06-10T10:35:14","slug":"andreas-pasternack","status":"publish","type":"page","link":"https:\/\/swinging-seagulls.de\/?page_id=93","title":{"rendered":"Andreas Pasternack"},"content":{"rendered":"<p>Der Saxophonist und S\u00e4nger Andreas Pasternack gilt als einer der bekanntesten und beliebtesten Musiker unseres Landes, begeisterte jedoch auch schon in Japan, Polen und in den USA. Er leitet eine eigene Big-Band, moderiert einmal w\u00f6chentlich die NDR-Radiosendung &#8222;Jazztime&#8220; und ist Kulturpreistr\u00e4ger der<br \/>\nHansestadt Rostock und des Landes Mecklenburg-Vorpommern.<\/p>\n<p>Mehr \u00fcber ihn findet man hier:<\/p>\n<p><a href=\"http:\/\/www.andreas-pasternack.de\">http:\/\/www.andreas-pasternack.de<\/a><\/p>\n<p><img loading=\"lazy\" decoding=\"async\" src=\"http:\/\/wordpress.andreas-pasternack.de\/wp-content\/uploads\/2017\/04\/cropped-Andreas12mail.jpg\" sizes=\"100vw\" srcset=\"http:\/\/www.andreas-pasternack.de\/wp-content\/uploads\/2017\/04\/cropped-Andreas12mail.jpg 2000w, http:\/\/www.andreas-pasternack.de\/wp-content\/uploads\/2017\/04\/cropped-Andreas12mail-300x180.jpg 300w, http:\/\/www.andreas-pasternack.de\/wp-content\/uploads\/2017\/04\/cropped-Andreas12mail-768x461.jpg 768w, http:\/\/www.andreas-pasternack.de\/wp-content\/uploads\/2017\/04\/cropped-Andreas12mail-1024x615.jpg 1024w\" alt=\"Andreas Pasternack\" width=\"2000\" height=\"1201\" \/><\/p>\n<p>&nbsp;<\/p>\n","protected":false},"excerpt":{"rendered":"<p>Der Saxophonist und S\u00e4nger Andreas Pasternack gilt als einer der bekanntesten und beliebtesten Musiker unseres Landes, begeisterte jedoch auch schon in Japan, Polen und in den USA. Er leitet eine eigene Big-Band, moderiert einmal w\u00f6chentlich die NDR-Radiosendung &#8222;Jazztime&#8220; und ist Kulturpreistr\u00e4ger der Hansestadt Rostock und des Landes Mecklenburg-Vorpommern. Mehr \u00fcber ihn findet man hier: http:\/\/www.andreas-pasternack.de &hellip; <a href=\"https:\/\/swinging-seagulls.de\/?page_id=93\" class=\"more-link\"><span class=\"screen-reader-text\">Andreas Pasternack<\/span> weiterlesen<\/a><\/p>\n","protected":false},"author":2,"featured_media":0,"parent":21,"menu_order":1,"comment_status":"closed","ping_status":"closed","template":"","meta":{"footnotes":""},"class_list":["post-93","page","type-page","status-publish","hentry"],"_links":{"self":[{"href":"https:\/\/swinging-seagulls.de\/index.php?rest_route=\/wp\/v2\/pages\/93"}],"collection":[{"href":"https:\/\/swinging-seagulls.de\/index.php?rest_route=\/wp\/v2\/pages"}],"about":[{"href":"https:\/\/swinging-seagulls.de\/index.php?rest_route=\/wp\/v2\/types\/page"}],"author":[{"embeddable":true,"href":"https:\/\/swinging-seagulls.de\/index.php?rest_route=\/wp\/v2\/users\/2"}],"replies":[{"embeddable":true,"href":"https:\/\/swinging-seagulls.de\/index.php?rest_route=%2Fwp%2Fv2%2Fcomments&post=93"}],"version-history":[{"count":6,"href":"https:\/\/swinging-seagulls.de\/index.php?rest_route=\/wp\/v2\/pages\/93\/revisions"}],"predecessor-version":[{"id":177,"href":"https:\/\/swinging-seagulls.de\/index.php?rest_route=\/wp\/v2\/pages\/93\/revisions\/177"}],"up":[{"embeddable":true,"href":"https:\/\/swinging-seagulls.de\/index.php?rest_route=\/wp\/v2\/pages\/21"}],"wp:attachment":[{"href":"https:\/\/swinging-seagulls.de\/index.php?rest_route=%2Fwp%2Fv2%2Fmedia&parent=93"}],"curies":[{"name":"wp","href":"https:\/\/api.w.org\/{rel}","templated":true}]}}