{"id":84,"date":"2018-05-21T13:00:39","date_gmt":"2018-05-21T13:00:39","guid":{"rendered":"http:\/\/swinging-seagulls.de\/?page_id=84"},"modified":"2018-06-28T10:45:50","modified_gmt":"2018-06-28T10:45:50","slug":"referenzen","status":"publish","type":"page","link":"https:\/\/swinging-seagulls.de\/?page_id=84","title":{"rendered":"Referenzen"},"content":{"rendered":"<p>An dieser Stelle sind Zitate von Veranstaltern und Besprechungen in der Presse aufgef\u00fchrt.<\/p>\n<hr \/>\n<p><strong>Anl\u00e4sslich eines Konzerts schrieb der Pr\u00e4sident der Leibniz-Gemeinschaft, Herr Prof. Kleiner:<\/strong><\/p>\n<p><span style=\"color: #0000ff;\"><em>&#8222;M\u00f6wen &#8211; Sehnsuchts-Tiere auf Schwingen, nahbar und majest\u00e4tisch zugleich,<\/em><\/span><br \/>\n<span style=\"color: #0000ff;\"><em>ziehen heimatlich verankert in weiten Kreisen, rufen Weite und Brausen ins Ged\u00e4chtnis. Genauso klingen und wirken sie auf ihr Publikum, die Herren der Swinging Seagulls, die <\/em><em>die gesamte Leibniz-Gemeinschaft &#8230; melodisch beschwingt haben, unbeirrbar musikalisch, <\/em><em>fr\u00f6hlich und ernsthaft, kraftvoll und rhythmisch,<\/em><\/span><br \/>\n<span style=\"color: #0000ff;\"><em>mit Standards und Unkonventionellem, wenn sie R\u00e4ume <\/em><em>\u00f6ffnen f\u00fcr Klang und Empfinden &#8211; weit \u00fcber Ort und<\/em> <em>Moment hinaus.<\/em>&#8222;<\/span><\/p>\n<hr \/>\n<p>Jim McIntosh, selbst erfahrener Banjo-Spieler, schrieb in der Mai-Ausgabe (2018) des britischen Jazz-Magazins &#8222;Just Jazz&#8220; (Auszug, \u00fcbersetzt in Deutsch):<\/p>\n<p><span style=\"color: #0000ff;\"><strong>&#8222;Welch eine wunderbare \u00dcberraschung. Hut <\/strong><strong>ab vor einer wunderbaren Band, guter Jazz, unterhaltend, frisch, hoch professionell, und SWINGEND!&#8220;.<\/strong><\/span><\/p>\n<p>Hier der Original-Artikel:<\/p>\n<p>&nbsp;<\/p>\n<p><img loading=\"lazy\" decoding=\"async\" class=\"aligncenter wp-image-119 size-large\" src=\"http:\/\/swinging-seagulls.de\/wp-content\/uploads\/2018\/05\/Just-Jazz-May-2018-749x1024.jpg\" alt=\"\" width=\"660\" height=\"902\" srcset=\"https:\/\/swinging-seagulls.de\/wp-content\/uploads\/2018\/05\/Just-Jazz-May-2018-749x1024.jpg 749w, https:\/\/swinging-seagulls.de\/wp-content\/uploads\/2018\/05\/Just-Jazz-May-2018-219x300.jpg 219w, https:\/\/swinging-seagulls.de\/wp-content\/uploads\/2018\/05\/Just-Jazz-May-2018-768x1050.jpg 768w, https:\/\/swinging-seagulls.de\/wp-content\/uploads\/2018\/05\/Just-Jazz-May-2018.jpg 1399w\" sizes=\"(max-width: 660px) 100vw, 660px\" \/><\/p>\n<p>\u00dcbersetzung (auszugsweise) dieses Artikels von Jim McIntosh in der Mai-Ausgabe (2018) des britischen Jazzmagazins &#8222;Just Jazz&#8220; \u00fcber seinen Besuch beim Konzert der Swinging Seagulls in G\u00fcstrow am 11 M\u00e4rz 2018. &#8222;Gentlemen&#8220; Jim McIntosh ist ein versierter und erfahrener Banjo-Spieler, der in England in zahlreichen Bands gespielt hat, u. a. mit Max Collie.<\/p>\n<p><em>&#8222;Andreas Pasternack aus Rostock ist ein phantastischer<\/em> <em>Jazz\/Swing-Saxophonist. Er hat eine eigene Bigband und<\/em> <em>eine Reihe weiterer kleinerer Gruppen, ist immer besch\u00e4ftigt<\/em> <em>und moderiert, zusammen mit Joachim B\u00f6skens, die <\/em><em>w\u00f6chentliche Jazzsendung &#8222;Jazztime&#8220; im NDR.<\/em><\/p>\n<p><em>Christian Ahnsehl, ebenfalls aus Rostock, ist ein versierter <\/em><em>Gitarrist, der oft zusammen mit Andreas Pasternack auftritt. Er hat<\/em> <em>eine brillante Technik, die alles abzudecken scheint, von <\/em><em>Jimi Hendrix bis zu John Williams.<\/em><\/p>\n<p><em>Abgesehen davon, dass er in verschiedenen Gruppen mit <\/em><em>Andreas Pasternack spielt, wirkt Enrique Marcano-Gonzalez<\/em> <em>in Musikproduktionen des Theaters in Schwerin mit und<\/em> <em>unterrichtet Bass an der Rock- und Popschule Rostock,<\/em> <em>also ein Allesk\u00f6nner. Sein Bass hat einen vollen reichen Ton. <\/em><em>Urspr\u00fcnglich aus Caracas, Venezuela, wohnt er jetzt in Rostock.<\/em><\/p>\n<p><em>Franz-Josef L\u00fcbken ist ein wunderbarer Pianist im Bereich <\/em><em>des traditionellen Jazz, excellent in allen Belangen &#8211;<\/em> <em>Ragtime, Fats Waller et al. Franz-Josef kommt aus Bonn<\/em> <em>und wohnt jetzt in K\u00fchlungsborn. Seit 1977 spielt er<\/em> <em>in der Doktor Jazz Ambulanz, einer traditionellen Jazzband <\/em><em>aus Bonn.<\/em><\/p>\n<p><em>Ich war gespannt wie diese Fusion von Stilen wohl klingen <\/em><em>w\u00fcrde. Nun, welche wunderbare \u00dcberraschung! Der ausverkaufte<\/em> <em>Club erwartete einen Abend mit traditionellem Jazz,<\/em> <em>aber vorgetragen in einer so g\u00e4nzlich anderen<\/em> <em>und erfrischenden Art und Weise, dass selbst die <\/em><em>hartgesottensten Kritiker sich nicht dar\u00fcber beschweren<\/em> <em>konnten, dass man immer dieselben St\u00fccke h\u00f6ren w\u00fcrde.<\/em> <em>Sie (die SSG) haben auch eine Reihe von weniger bekannten<\/em> <em>St\u00fccken vorgetragen, z. B. &#8222;Bohemia Rag&#8220; oder ein <\/em><em>atemberaubendes &#8222;Jazz Me Blues&#8220;, f\u00fcr mich einer der H\u00f6hepunkte.<\/em><\/p>\n<p><em>Die Band war eine Idee von Franz-Josef, der sich<\/em> <em>urspr\u00fcnglich fragte, ob es tats\u00e4chlich funktionieren<\/em> <em>w\u00fcrde. Und wie es funktioniert! All die verschiedenen<\/em> <em>Stilrichtungen verschmelzen zu einer erfrischend<\/em> <em>neuen Interpretation der Musik. Franz-Josef schreibt<\/em> <em>die Arrangements, einige davon sehr kompliziert, d. h.<\/em> <em>Einzelton-Stimmen auf der Gitarre zusammen mit den<\/em> <em>passenden T\u00f6nen auf dem Bass, was den Klang zu etwas <\/em><em>Besonderem erweitert, was weit \u00fcber ein Quartet hinausgeht.<\/em><\/p>\n<p><em>Wie bereits erw\u00e4hnt, moderiert Andreas Pasternack eine <\/em><em>w\u00f6chentliche Jazzsendung im Radio. Er ist also mit<\/em> <em>dem Mikrophon vertraut und pr\u00e4sentiert die Band mit<\/em> <em>gro\u00dfer Souver\u00e4nit\u00e4t und viel Humor, so wie auch Franz-Josef.<\/em> <em>Zwischen den K\u00fcnstlern findet eine ausgelassene <\/em><em>Interaktion statt. Au\u00dferdem ist Andreas ein gro\u00dfer <\/em><em>S\u00e4nger, alles zusammen weitere Ingredienzien<\/em> <em>f\u00fcr eine super Show.<\/em><\/p>\n<p><em>Ich habe den Abend mit den Singing Seagulls <\/em><em>vollkommen genossen. Hut ab vor einer wunderbaren<\/em> <em>Band, guter Jazz, unterhaltend, frisch, hoch <\/em><em>professionell und, f\u00fcr mich am wichtigsten, <\/em><em>SWINGEND!&#8220;<\/em><\/p>\n<hr \/>\n<p>&nbsp;<\/p>\n<p>&nbsp;<\/p>\n<p><strong>Clemens Kurbjuhn, Hotel &#8222;Polar-Stern&#8220; in K\u00fchlungsborn, dort wo alles begann:<br \/>\n<\/strong><\/p>\n<p><span style=\"color: #0000ff;\">Seit dem Premiere-Konzert der `Seagulls&#8216; im Hotel `Polar-Stern&#8216; ist die Gruppe im stets restlos ausverkauften gro\u00dfen Wintergarten unseres Hotels mehrmals pro Jahr vor einem begeisterten Publikum aufgetreten. In kurzer Zeit haben sich die `Seagulls&#8216; eine Fangemeinde erspielt, mit der sich die Gruppe schon im 2. Jahr Ihrer Gr\u00fcndung das Pr\u00e4dikat `Kult&#8216; verdient hat.<\/span><\/p>\n<p><span style=\"color: #0000ff;\">Wenn die `Swingin Seagulls&#8216; in unserem Hause auftreten, verbreitet sich schon ab dem ersten Akkord eine einzigartige Stimmung, die den Saal toben l\u00e4sst und sich auch auf Hausg\u00e4ste und sogar Personal \u00fcbertr\u00e4gt. Es macht einfach SPASS, den `Seagulls&#8216; zuzuh\u00f6ren und zuzuschauen, wenn Sie mit raffiniert gesetzten Klassikern wie `Sweet Georgia Brown&#8216; aufwarten.<\/span><\/p>\n<hr \/>\n<p><strong>Olaf Daehmlow, Inhaber des Jazzclubs &#8222;Yorckschl\u00f6sschen&#8220;, Berlin:<\/strong><\/p>\n<p><span style=\"color: #0000ff;\">Ich m\u00f6chte mich f\u00fcr den Auftritt deiner SWINING SEAGULLS <\/span><span style=\"color: #0000ff;\">bedanken, die ja in wirklicher hervorragender Weise die Swing Musik<\/span> <span style=\"color: #0000ff;\">der fr\u00fchen Jahre zu spielen wei\u00df. Bei deinen herausragenden Musikern<\/span> <span style=\"color: #0000ff;\">in der Band aber auch kein Wunder.<\/span><br \/>\n<span style=\"color: #0000ff;\">Sehr sch\u00f6n auch die gesetzten und wohl von dir arrangierten St\u00fccke,<\/span><br \/>\n<span style=\"color: #0000ff;\">die der Band einen wirklich besonderen Sound verleihen.<\/span><\/p>\n<p><span style=\"color: #0000ff;\">Das Publikum wusste es ja gl\u00fccklicherweise entsprechend zu w\u00fcrdigen, <\/span><span style=\"color: #0000ff;\">und dass zum Brunch sogar getanzt wird ist ja selbst hier eher selten.<\/span> <span style=\"color: #0000ff;\">F\u00fcr mich war es nat\u00fcrlich besonders sch\u00f6n, weil wir ausverkauft waren.<\/span> <span style=\"color: #0000ff;\">\ud83d\ude42<\/span><\/p>\n<hr \/>\n<p><strong>Gerhard Zucker, im Vorstand des Vereins &#8222;Jazz in G\u00fcstrow e.V.&#8220;<\/strong><\/p>\n<p><span style=\"color: #0000ff;\">Die `Seagulls&#8216; kommen swingend musizierend daher. <\/span><span style=\"color: #0000ff;\">Drei Jazzmusiker der j\u00fcngeren Generation und ein `Dr.Jazz Pianist&#8216;<\/span> <span style=\"color: #0000ff;\">mit 40 Jahren Trad-Jazz Erfahrung kreieren einen Swing , Ragtime<\/span> <span style=\"color: #0000ff;\">und Boogie Mix der 20\/30-er Jahre. Das Publikum geht begeistert<\/span> <span style=\"color: #0000ff;\">mit und freut sich auf weitere `Anfl\u00fcge&#8216; der <\/span><span style=\"color: #0000ff;\">swingenden `Seegulls&#8216;<\/span><\/p>\n","protected":false},"excerpt":{"rendered":"<p>An dieser Stelle sind Zitate von Veranstaltern und Besprechungen in der Presse aufgef\u00fchrt. Anl\u00e4sslich eines Konzerts schrieb der Pr\u00e4sident der Leibniz-Gemeinschaft, Herr Prof. Kleiner: &#8222;M\u00f6wen &#8211; Sehnsuchts-Tiere auf Schwingen, nahbar und majest\u00e4tisch zugleich, ziehen heimatlich verankert in weiten Kreisen, rufen Weite und Brausen ins Ged\u00e4chtnis. Genauso klingen und wirken sie auf ihr Publikum, die Herren &hellip; <a href=\"https:\/\/swinging-seagulls.de\/?page_id=84\" class=\"more-link\"><span class=\"screen-reader-text\">Referenzen<\/span> weiterlesen<\/a><\/p>\n","protected":false},"author":2,"featured_media":0,"parent":0,"menu_order":0,"comment_status":"closed","ping_status":"closed","template":"","meta":{"footnotes":""},"class_list":["post-84","page","type-page","status-publish","hentry"],"_links":{"self":[{"href":"https:\/\/swinging-seagulls.de\/index.php?rest_route=\/wp\/v2\/pages\/84"}],"collection":[{"href":"https:\/\/swinging-seagulls.de\/index.php?rest_route=\/wp\/v2\/pages"}],"about":[{"href":"https:\/\/swinging-seagulls.de\/index.php?rest_route=\/wp\/v2\/types\/page"}],"author":[{"embeddable":true,"href":"https:\/\/swinging-seagulls.de\/index.php?rest_route=\/wp\/v2\/users\/2"}],"replies":[{"embeddable":true,"href":"https:\/\/swinging-seagulls.de\/index.php?rest_route=%2Fwp%2Fv2%2Fcomments&post=84"}],"version-history":[{"count":13,"href":"https:\/\/swinging-seagulls.de\/index.php?rest_route=\/wp\/v2\/pages\/84\/revisions"}],"predecessor-version":[{"id":199,"href":"https:\/\/swinging-seagulls.de\/index.php?rest_route=\/wp\/v2\/pages\/84\/revisions\/199"}],"wp:attachment":[{"href":"https:\/\/swinging-seagulls.de\/index.php?rest_route=%2Fwp%2Fv2%2Fmedia&parent=84"}],"curies":[{"name":"wp","href":"https:\/\/api.w.org\/{rel}","templated":true}]}}