{"id":80,"date":"2018-05-21T12:55:29","date_gmt":"2018-05-21T12:55:29","guid":{"rendered":"http:\/\/swinging-seagulls.de\/?page_id=80"},"modified":"2018-05-25T11:30:16","modified_gmt":"2018-05-25T11:30:16","slug":"kontakt","status":"publish","type":"page","link":"https:\/\/swinging-seagulls.de\/?page_id=80","title":{"rendered":"Kontakt"},"content":{"rendered":"<p>Datenschutz:<\/p>\n<p>Wenn Sie per Kontaktformular (siehe unten) oder E-Mail mit uns in Kontakt treten, werden die dabei von Ihnen angegebenen Daten ausschlie\u00dflich zur Bearbeitung Ihrer Anfrage genutzt. Rechtsgrundlage f\u00fcr diese Verarbeitung ist Art. 6 Abs. 1 lit. b) DSGVO. Ihre Daten werden gel\u00f6scht, sofern Ihre Anfrage abschlie\u00dfend beantwortet worden ist.<\/p>\n<p><span style=\"color: #0000ff;\"><strong>Falls Sie daran interessiert sind, regelm\u00e4\u00dfig von uns \u00fcber Termine von Auftritten der &#8222;Swinging Seagulls&#8220; informiert zu werden, lassen Sie es uns bitte wissen. Wir werden Sie dann kontaktieren und explizit um Zustimmung bitten, dass wir Sie in unserem Verteiler aufgenommen d\u00fcrfen.<\/strong><\/span><\/p>\n<p>Weitere Informationen zum Datenschutz finden Sie in der Rubrik<\/p>\n<p>&#8222;Impressum, Datenschutz&#8220;<\/p>\n<p>&nbsp;<\/p>\n<p>&nbsp;<\/p>\n\n<div class=\"wpcf7 no-js\" id=\"wpcf7-f85-o1\" lang=\"de-DE\" dir=\"ltr\">\n<div class=\"screen-reader-response\"><p role=\"status\" aria-live=\"polite\" aria-atomic=\"true\"><\/p> <ul><\/ul><\/div>\n<form action=\"\/index.php?rest_route=%2Fwp%2Fv2%2Fpages%2F80#wpcf7-f85-o1\" method=\"post\" class=\"wpcf7-form init\" aria-label=\"Contact form\" novalidate=\"novalidate\" data-status=\"init\">\n<div style=\"display: none;\">\n<input type=\"hidden\" name=\"_wpcf7\" value=\"85\" \/>\n<input type=\"hidden\" name=\"_wpcf7_version\" value=\"5.9.8\" \/>\n<input type=\"hidden\" name=\"_wpcf7_locale\" value=\"de_DE\" \/>\n<input type=\"hidden\" name=\"_wpcf7_unit_tag\" value=\"wpcf7-f85-o1\" \/>\n<input type=\"hidden\" name=\"_wpcf7_container_post\" value=\"0\" \/>\n<input type=\"hidden\" name=\"_wpcf7_posted_data_hash\" value=\"\" \/>\n<\/div>\n<p><label> Dein Name (Pflichtfeld)<br \/>\n<span class=\"wpcf7-form-control-wrap\" data-name=\"your-name\"><input size=\"40\" maxlength=\"400\" class=\"wpcf7-form-control wpcf7-text wpcf7-validates-as-required\" aria-required=\"true\" aria-invalid=\"false\" value=\"\" type=\"text\" name=\"your-name\" \/><\/span> <\/label>\n<\/p>\n<p><label> Deine E-Mail-Adresse (Pflichtfeld)<br \/>\n<span class=\"wpcf7-form-control-wrap\" data-name=\"your-email\"><input size=\"40\" maxlength=\"400\" class=\"wpcf7-form-control wpcf7-email wpcf7-validates-as-required wpcf7-text wpcf7-validates-as-email\" aria-required=\"true\" aria-invalid=\"false\" value=\"\" type=\"email\" name=\"your-email\" \/><\/span> <\/label>\n<\/p>\n<p><label> Betreff<br \/>\n<span class=\"wpcf7-form-control-wrap\" data-name=\"your-subject\"><input size=\"40\" maxlength=\"400\" class=\"wpcf7-form-control wpcf7-text\" aria-invalid=\"false\" value=\"\" type=\"text\" name=\"your-subject\" \/><\/span> <\/label>\n<\/p>\n<p><label> Deine Nachricht<br \/>\n<span class=\"wpcf7-form-control-wrap\" data-name=\"your-message\"><textarea cols=\"40\" rows=\"10\" maxlength=\"2000\" class=\"wpcf7-form-control wpcf7-textarea\" aria-invalid=\"false\" name=\"your-message\"><\/textarea><\/span> <\/label>\n<\/p>\n<p><input class=\"wpcf7-form-control wpcf7-submit has-spinner\" type=\"submit\" value=\"Senden\" \/>\n<\/p><div class=\"wpcf7-response-output\" aria-hidden=\"true\"><\/div>\n<\/form>\n<\/div>\n\n<p>&nbsp;<\/p>\n","protected":false},"excerpt":{"rendered":"<p>Datenschutz: Wenn Sie per Kontaktformular (siehe unten) oder E-Mail mit uns in Kontakt treten, werden die dabei von Ihnen angegebenen Daten ausschlie\u00dflich zur Bearbeitung Ihrer Anfrage genutzt. Rechtsgrundlage f\u00fcr diese Verarbeitung ist Art. 6 Abs. 1 lit. b) DSGVO. Ihre Daten werden gel\u00f6scht, sofern Ihre Anfrage abschlie\u00dfend beantwortet worden ist. Falls Sie daran interessiert sind, &hellip; <a href=\"https:\/\/swinging-seagulls.de\/?page_id=80\" class=\"more-link\"><span class=\"screen-reader-text\">Kontakt<\/span> weiterlesen<\/a><\/p>\n","protected":false},"author":2,"featured_media":0,"parent":0,"menu_order":0,"comment_status":"closed","ping_status":"closed","template":"","meta":{"footnotes":""},"class_list":["post-80","page","type-page","status-publish","hentry"],"_links":{"self":[{"href":"https:\/\/swinging-seagulls.de\/index.php?rest_route=\/wp\/v2\/pages\/80"}],"collection":[{"href":"https:\/\/swinging-seagulls.de\/index.php?rest_route=\/wp\/v2\/pages"}],"about":[{"href":"https:\/\/swinging-seagulls.de\/index.php?rest_route=\/wp\/v2\/types\/page"}],"author":[{"embeddable":true,"href":"https:\/\/swinging-seagulls.de\/index.php?rest_route=\/wp\/v2\/users\/2"}],"replies":[{"embeddable":true,"href":"https:\/\/swinging-seagulls.de\/index.php?rest_route=%2Fwp%2Fv2%2Fcomments&post=80"}],"version-history":[{"count":5,"href":"https:\/\/swinging-seagulls.de\/index.php?rest_route=\/wp\/v2\/pages\/80\/revisions"}],"predecessor-version":[{"id":170,"href":"https:\/\/swinging-seagulls.de\/index.php?rest_route=\/wp\/v2\/pages\/80\/revisions\/170"}],"wp:attachment":[{"href":"https:\/\/swinging-seagulls.de\/index.php?rest_route=%2Fwp%2Fv2%2Fmedia&parent=80"}],"curies":[{"name":"wp","href":"https:\/\/api.w.org\/{rel}","templated":true}]}}