{"id":77,"date":"2018-05-21T12:49:55","date_gmt":"2018-05-21T12:49:55","guid":{"rendered":"http:\/\/swinging-seagulls.de\/?page_id=77"},"modified":"2022-08-05T12:53:22","modified_gmt":"2022-08-05T12:53:22","slug":"franz-josef-luebken","status":"publish","type":"page","link":"https:\/\/swinging-seagulls.de\/?page_id=77","title":{"rendered":"Franz-Josef L\u00fcbken"},"content":{"rendered":"<p>Franz-Josef L\u00fcbken ist seit der Gr\u00fcndung im Jahre 1977 der musikalische Leiter der Bonner Jazzband &#8222;Doktor Jazz Ambulanz&#8220;\u00a0 (DJA), die in vielen in- und ausl\u00e4ndischen Jazzclubs und auf Festivals aufgetreten ist und den Wettbewerb &#8222;WDR-Stadtmusik&#8220; gewonnen hat. Er hat zu seinen Bonner Zeiten in verschiedenen Bands in Bonn, K\u00f6ln, Frankfurt und Berlin gespielt. Mit der DJA tritt er seit Jahren erfolgreich im K\u00fchlungsborner Raum auf.<\/p>\n<p><a href=\"http:\/\/www.iap-kborn.de\"><img loading=\"lazy\" decoding=\"async\" class=\"alignnone size-medium wp-image-90\" src=\"http:\/\/swinging-seagulls.de\/wp-content\/uploads\/2018\/05\/iap_2018_43-300x208.jpg\" alt=\"\" width=\"300\" height=\"208\" srcset=\"https:\/\/swinging-seagulls.de\/wp-content\/uploads\/2018\/05\/iap_2018_43-300x208.jpg 300w, https:\/\/swinging-seagulls.de\/wp-content\/uploads\/2018\/05\/iap_2018_43-768x531.jpg 768w, https:\/\/swinging-seagulls.de\/wp-content\/uploads\/2018\/05\/iap_2018_43-1024x709.jpg 1024w, https:\/\/swinging-seagulls.de\/wp-content\/uploads\/2018\/05\/iap_2018_43.jpg 2048w\" sizes=\"(max-width: 300px) 100vw, 300px\" \/><\/a><\/p>\n<p>Beruflich ist er emeritierter Professor f\u00fcr Atmosph\u00e4renphysik an der Universit\u00e4t Rostock und war bis 30.9.2021 Direktor des Leibniz-Instituts f\u00fcr Atmosph\u00e4renphysik in K\u00fchlungsborn.<\/p>\n<p><a href=\"http:\/\/www.iap-kborn.de\">http:\/\/www.iap-kborn.de<\/a><\/p>\n","protected":false},"excerpt":{"rendered":"<p>Franz-Josef L\u00fcbken ist seit der Gr\u00fcndung im Jahre 1977 der musikalische Leiter der Bonner Jazzband &#8222;Doktor Jazz Ambulanz&#8220;\u00a0 (DJA), die in vielen in- und ausl\u00e4ndischen Jazzclubs und auf Festivals aufgetreten ist und den Wettbewerb &#8222;WDR-Stadtmusik&#8220; gewonnen hat. Er hat zu seinen Bonner Zeiten in verschiedenen Bands in Bonn, K\u00f6ln, Frankfurt und Berlin gespielt. Mit der &hellip; <a href=\"https:\/\/swinging-seagulls.de\/?page_id=77\" class=\"more-link\"><span class=\"screen-reader-text\">Franz-Josef L\u00fcbken<\/span> weiterlesen<\/a><\/p>\n","protected":false},"author":2,"featured_media":0,"parent":21,"menu_order":2,"comment_status":"closed","ping_status":"closed","template":"","meta":{"footnotes":""},"class_list":["post-77","page","type-page","status-publish","hentry"],"_links":{"self":[{"href":"https:\/\/swinging-seagulls.de\/index.php?rest_route=\/wp\/v2\/pages\/77"}],"collection":[{"href":"https:\/\/swinging-seagulls.de\/index.php?rest_route=\/wp\/v2\/pages"}],"about":[{"href":"https:\/\/swinging-seagulls.de\/index.php?rest_route=\/wp\/v2\/types\/page"}],"author":[{"embeddable":true,"href":"https:\/\/swinging-seagulls.de\/index.php?rest_route=\/wp\/v2\/users\/2"}],"replies":[{"embeddable":true,"href":"https:\/\/swinging-seagulls.de\/index.php?rest_route=%2Fwp%2Fv2%2Fcomments&post=77"}],"version-history":[{"count":5,"href":"https:\/\/swinging-seagulls.de\/index.php?rest_route=\/wp\/v2\/pages\/77\/revisions"}],"predecessor-version":[{"id":358,"href":"https:\/\/swinging-seagulls.de\/index.php?rest_route=\/wp\/v2\/pages\/77\/revisions\/358"}],"up":[{"embeddable":true,"href":"https:\/\/swinging-seagulls.de\/index.php?rest_route=\/wp\/v2\/pages\/21"}],"wp:attachment":[{"href":"https:\/\/swinging-seagulls.de\/index.php?rest_route=%2Fwp%2Fv2%2Fmedia&parent=77"}],"curies":[{"name":"wp","href":"https:\/\/api.w.org\/{rel}","templated":true}]}}