{"id":258,"date":"2019-08-05T15:03:09","date_gmt":"2019-08-05T15:03:09","guid":{"rendered":"http:\/\/swinging-seagulls.de\/?page_id=258"},"modified":"2019-08-20T12:35:11","modified_gmt":"2019-08-20T12:35:11","slug":"cd-i-cant-dance","status":"publish","type":"page","link":"https:\/\/swinging-seagulls.de\/?page_id=258","title":{"rendered":"CD &#8222;I can&#8217;t dance&#8220;"},"content":{"rendered":"\n<p>Im August 2019 wurde&nbsp;unsere neue CD mit dem Titel<\/p>\n\n\n\n<p>&#8222;I can&#8217;t dance&#8220; ver\u00f6ffentlicht. <\/p>\n\n\n\n<p>Die CD ist erh\u00e4ltlich in der Tourist-Information des Ostseebades K\u00fchlungsborn (Haus Laetitia, Ostseeallee 19) und im Hotel Polar-Stern (Ostseeallee 24), \u00fcber die Agentur KlangR\u00e4ume (CD 60250), im Internet (www.klangraeume.de, Amazon, I-Tunes, Spotify, \u00a0Deezer, Tital, GooglePlay etc.) sowie bei den Live-Auftritten der Band. <\/p>\n\n\n\n<figure class=\"wp-block-image\"><img loading=\"lazy\" decoding=\"async\" width=\"1024\" height=\"1024\" src=\"http:\/\/swinging-seagulls.de\/wp-content\/uploads\/2019\/08\/SwingingSeagulls_icantdance_Cover_lowres.jpg\" alt=\"\" class=\"wp-image-262\" srcset=\"https:\/\/swinging-seagulls.de\/wp-content\/uploads\/2019\/08\/SwingingSeagulls_icantdance_Cover_lowres.jpg 1024w, https:\/\/swinging-seagulls.de\/wp-content\/uploads\/2019\/08\/SwingingSeagulls_icantdance_Cover_lowres-150x150.jpg 150w, https:\/\/swinging-seagulls.de\/wp-content\/uploads\/2019\/08\/SwingingSeagulls_icantdance_Cover_lowres-300x300.jpg 300w, https:\/\/swinging-seagulls.de\/wp-content\/uploads\/2019\/08\/SwingingSeagulls_icantdance_Cover_lowres-768x768.jpg 768w\" sizes=\"(max-width: 1024px) 100vw, 1024px\" \/><\/figure>\n\n\n\n<figure class=\"wp-block-image\"><img loading=\"lazy\" decoding=\"async\" width=\"1024\" height=\"820\" src=\"http:\/\/swinging-seagulls.de\/wp-content\/uploads\/2019\/08\/R\u00fcckseite_Seite_1-1024x820.jpg\" alt=\"\" class=\"wp-image-281\" srcset=\"https:\/\/swinging-seagulls.de\/wp-content\/uploads\/2019\/08\/R\u00fcckseite_Seite_1-1024x820.jpg 1024w, https:\/\/swinging-seagulls.de\/wp-content\/uploads\/2019\/08\/R\u00fcckseite_Seite_1-300x240.jpg 300w, https:\/\/swinging-seagulls.de\/wp-content\/uploads\/2019\/08\/R\u00fcckseite_Seite_1-768x615.jpg 768w, https:\/\/swinging-seagulls.de\/wp-content\/uploads\/2019\/08\/R\u00fcckseite_Seite_1.jpg 1959w\" sizes=\"(max-width: 1024px) 100vw, 1024px\" \/><\/figure>\n\n\n\n<p>Einige Extrakte von St\u00fccken auf der CD: <\/p>\n\n\n\n<figure class=\"wp-block-audio\"><audio controls src=\"http:\/\/swinging-seagulls.de\/wp-content\/uploads\/2019\/08\/03-I-cant-dance-Extrakt.mp3\"><\/audio><figcaption>I can&#8217;t dance<\/figcaption><\/figure>\n\n\n\n<figure class=\"wp-block-audio\"><audio controls src=\"http:\/\/swinging-seagulls.de\/wp-content\/uploads\/2019\/08\/04-Isle-of-Capri-Extrakt-1.mp3\"><\/audio><figcaption>Isle of Capri<\/figcaption><\/figure>\n\n\n\n<figure class=\"wp-block-audio\"><audio controls src=\"http:\/\/swinging-seagulls.de\/wp-content\/uploads\/2019\/08\/02-At-a-Georgia-camp-meeting-Extrakt.mp3\"><\/audio><figcaption>At a Georgia campmeeting<\/figcaption><\/figure>\n\n\n\n<figure class=\"wp-block-audio\"><audio controls src=\"http:\/\/swinging-seagulls.de\/wp-content\/uploads\/2019\/08\/08-Sweet-Georgia-Brown-Extrakt.mp3\"><\/audio><figcaption>Sweet Georgia Brown<\/figcaption><\/figure>\n\n\n\n<figure class=\"wp-block-audio\"><audio controls src=\"http:\/\/swinging-seagulls.de\/wp-content\/uploads\/2019\/08\/09-Sweet-Lorraine-Extrakt.mp3\"><\/audio><figcaption>Sweet Lorraine<\/figcaption><\/figure>\n\n\n\n<figure class=\"wp-block-audio\"><audio controls src=\"http:\/\/swinging-seagulls.de\/wp-content\/uploads\/2019\/08\/13-Swinging-Seagulls-Boogie-Extrakt.mp3\"><\/audio><figcaption>Swingin&#8216; Seagulls Boogie<\/figcaption><\/figure>\n","protected":false},"excerpt":{"rendered":"<p>Im August 2019 wurde&nbsp;unsere neue CD mit dem Titel &#8222;I can&#8217;t dance&#8220; ver\u00f6ffentlicht. Die CD ist erh\u00e4ltlich in der Tourist-Information des Ostseebades K\u00fchlungsborn (Haus Laetitia, Ostseeallee 19) und im Hotel Polar-Stern (Ostseeallee 24), \u00fcber die Agentur KlangR\u00e4ume (CD 60250), im Internet (www.klangraeume.de, Amazon, I-Tunes, Spotify, \u00a0Deezer, Tital, GooglePlay etc.) sowie bei den Live-Auftritten der Band. &hellip; <a href=\"https:\/\/swinging-seagulls.de\/?page_id=258\" class=\"more-link\"><span class=\"screen-reader-text\">CD &#8222;I can&#8217;t dance&#8220;<\/span> weiterlesen<\/a><\/p>\n","protected":false},"author":2,"featured_media":0,"parent":0,"menu_order":0,"comment_status":"closed","ping_status":"closed","template":"","meta":{"footnotes":""},"class_list":["post-258","page","type-page","status-publish","hentry"],"_links":{"self":[{"href":"https:\/\/swinging-seagulls.de\/index.php?rest_route=\/wp\/v2\/pages\/258"}],"collection":[{"href":"https:\/\/swinging-seagulls.de\/index.php?rest_route=\/wp\/v2\/pages"}],"about":[{"href":"https:\/\/swinging-seagulls.de\/index.php?rest_route=\/wp\/v2\/types\/page"}],"author":[{"embeddable":true,"href":"https:\/\/swinging-seagulls.de\/index.php?rest_route=\/wp\/v2\/users\/2"}],"replies":[{"embeddable":true,"href":"https:\/\/swinging-seagulls.de\/index.php?rest_route=%2Fwp%2Fv2%2Fcomments&post=258"}],"version-history":[{"count":16,"href":"https:\/\/swinging-seagulls.de\/index.php?rest_route=\/wp\/v2\/pages\/258\/revisions"}],"predecessor-version":[{"id":288,"href":"https:\/\/swinging-seagulls.de\/index.php?rest_route=\/wp\/v2\/pages\/258\/revisions\/288"}],"wp:attachment":[{"href":"https:\/\/swinging-seagulls.de\/index.php?rest_route=%2Fwp%2Fv2%2Fmedia&parent=258"}],"curies":[{"name":"wp","href":"https:\/\/api.w.org\/{rel}","templated":true}]}}