{"id":22,"date":"2018-05-21T12:01:16","date_gmt":"2018-05-21T12:01:16","guid":{"rendered":"http:\/\/swinging-seagulls.de\/?page_id=22"},"modified":"2020-09-14T11:12:55","modified_gmt":"2020-09-14T11:12:55","slug":"fotos-und-presseinfo","status":"publish","type":"page","link":"https:\/\/swinging-seagulls.de\/?page_id=22","title":{"rendered":"Fotos und Presseinfo"},"content":{"rendered":"<figure id=\"attachment_39\" aria-describedby=\"caption-attachment-39\" style=\"width: 660px\" class=\"wp-caption aligncenter\"><img loading=\"lazy\" decoding=\"async\" class=\"wp-image-39 size-large\" src=\"http:\/\/swinging-seagulls.de\/wp-content\/uploads\/2018\/05\/Foto-Seagulls-1-1024x742.jpg\" alt=\"Foto zur Gr\u00fcndung\" width=\"660\" height=\"478\" srcset=\"https:\/\/swinging-seagulls.de\/wp-content\/uploads\/2018\/05\/Foto-Seagulls-1-1024x742.jpg 1024w, https:\/\/swinging-seagulls.de\/wp-content\/uploads\/2018\/05\/Foto-Seagulls-1-300x218.jpg 300w, https:\/\/swinging-seagulls.de\/wp-content\/uploads\/2018\/05\/Foto-Seagulls-1-768x557.jpg 768w\" sizes=\"(max-width: 660px) 100vw, 660px\" \/><figcaption id=\"caption-attachment-39\" class=\"wp-caption-text\">Die Band bei der Gr\u00fcndung (2016)<\/figcaption><\/figure>\n<figure id=\"attachment_148\" aria-describedby=\"caption-attachment-148\" style=\"width: 660px\" class=\"wp-caption aligncenter\"><img loading=\"lazy\" decoding=\"async\" class=\"wp-image-148 size-large\" src=\"http:\/\/swinging-seagulls.de\/wp-content\/uploads\/2018\/05\/Konzertgarten-West-1024x684.jpg\" alt=\"\" width=\"660\" height=\"441\" srcset=\"https:\/\/swinging-seagulls.de\/wp-content\/uploads\/2018\/05\/Konzertgarten-West-1024x684.jpg 1024w, https:\/\/swinging-seagulls.de\/wp-content\/uploads\/2018\/05\/Konzertgarten-West-300x200.jpg 300w, https:\/\/swinging-seagulls.de\/wp-content\/uploads\/2018\/05\/Konzertgarten-West-768x513.jpg 768w, https:\/\/swinging-seagulls.de\/wp-content\/uploads\/2018\/05\/Konzertgarten-West.jpg 1513w\" sizes=\"(max-width: 660px) 100vw, 660px\" \/><figcaption id=\"caption-attachment-148\" class=\"wp-caption-text\">Im Konzertgarten West in K\u00fchlungsborn<\/figcaption><\/figure>\n<figure id=\"attachment_23\" aria-describedby=\"caption-attachment-23\" style=\"width: 660px\" class=\"wp-caption aligncenter\"><img loading=\"lazy\" decoding=\"async\" class=\"wp-image-23 size-large\" src=\"http:\/\/swinging-seagulls.de\/wp-content\/uploads\/2018\/05\/Kleiner-Seagulls-1024x684.jpg\" alt=\"\" width=\"660\" height=\"441\" srcset=\"https:\/\/swinging-seagulls.de\/wp-content\/uploads\/2018\/05\/Kleiner-Seagulls-1024x684.jpg 1024w, https:\/\/swinging-seagulls.de\/wp-content\/uploads\/2018\/05\/Kleiner-Seagulls-300x200.jpg 300w, https:\/\/swinging-seagulls.de\/wp-content\/uploads\/2018\/05\/Kleiner-Seagulls-768x513.jpg 768w\" sizes=\"(max-width: 660px) 100vw, 660px\" \/><figcaption id=\"caption-attachment-23\" class=\"wp-caption-text\">Mit dem Pr\u00e4sidenten der Leibniz-Gemeinschaft, Prof. Dr. Kleiner, auf der Jahrestagung in Berlin<\/figcaption><\/figure>\n<figure id=\"attachment_152\" aria-describedby=\"caption-attachment-152\" style=\"width: 660px\" class=\"wp-caption aligncenter\"><img loading=\"lazy\" decoding=\"async\" class=\"wp-image-152 size-large\" src=\"http:\/\/swinging-seagulls.de\/wp-content\/uploads\/2018\/05\/Jazzclub-G\u00fcstrow-1024x576.jpg\" alt=\"\" width=\"660\" height=\"371\" srcset=\"https:\/\/swinging-seagulls.de\/wp-content\/uploads\/2018\/05\/Jazzclub-G\u00fcstrow-1024x576.jpg 1024w, https:\/\/swinging-seagulls.de\/wp-content\/uploads\/2018\/05\/Jazzclub-G\u00fcstrow-300x169.jpg 300w, https:\/\/swinging-seagulls.de\/wp-content\/uploads\/2018\/05\/Jazzclub-G\u00fcstrow-768x432.jpg 768w\" sizes=\"(max-width: 660px) 100vw, 660px\" \/><figcaption id=\"caption-attachment-152\" class=\"wp-caption-text\">Im Jazzclub G\u00fcstrow<\/figcaption><\/figure>\n<figure id=\"attachment_24\" aria-describedby=\"caption-attachment-24\" style=\"width: 660px\" class=\"wp-caption aligncenter\"><img loading=\"lazy\" decoding=\"async\" class=\"wp-image-24 size-large\" src=\"http:\/\/swinging-seagulls.de\/wp-content\/uploads\/2018\/05\/Seagulls-Berlin-5Nov2017-a-1024x684.jpg\" alt=\"\" width=\"660\" height=\"441\" srcset=\"https:\/\/swinging-seagulls.de\/wp-content\/uploads\/2018\/05\/Seagulls-Berlin-5Nov2017-a-1024x684.jpg 1024w, https:\/\/swinging-seagulls.de\/wp-content\/uploads\/2018\/05\/Seagulls-Berlin-5Nov2017-a-300x200.jpg 300w, https:\/\/swinging-seagulls.de\/wp-content\/uploads\/2018\/05\/Seagulls-Berlin-5Nov2017-a-768x513.jpg 768w\" sizes=\"(max-width: 660px) 100vw, 660px\" \/><figcaption id=\"caption-attachment-24\" class=\"wp-caption-text\">Vor dem Jazzclub &#8222;Yorckschl\u00f6sschen&#8220; in Berlin<\/figcaption><\/figure>\n<figure id=\"attachment_146\" aria-describedby=\"caption-attachment-146\" style=\"width: 660px\" class=\"wp-caption aligncenter\"><img loading=\"lazy\" decoding=\"async\" class=\"wp-image-146 size-large\" src=\"http:\/\/swinging-seagulls.de\/wp-content\/uploads\/2018\/05\/IMG_3641-1024x684.jpg\" alt=\"\" width=\"660\" height=\"441\" srcset=\"https:\/\/swinging-seagulls.de\/wp-content\/uploads\/2018\/05\/IMG_3641-1024x684.jpg 1024w, https:\/\/swinging-seagulls.de\/wp-content\/uploads\/2018\/05\/IMG_3641-300x200.jpg 300w, https:\/\/swinging-seagulls.de\/wp-content\/uploads\/2018\/05\/IMG_3641-768x513.jpg 768w\" sizes=\"(max-width: 660px) 100vw, 660px\" \/><figcaption id=\"caption-attachment-146\" class=\"wp-caption-text\">Heimspiel im Hotel Polar-Stern, vor ausverkauftem Haus<\/figcaption><\/figure>\n<figure id=\"attachment_25\" aria-describedby=\"caption-attachment-25\" style=\"width: 660px\" class=\"wp-caption aligncenter\"><img loading=\"lazy\" decoding=\"async\" class=\"wp-image-25 size-large\" src=\"http:\/\/swinging-seagulls.de\/wp-content\/uploads\/2018\/05\/Seagulls-Yorckschl\u00f6sschen-1024x550.jpg\" alt=\"\" width=\"660\" height=\"354\" srcset=\"https:\/\/swinging-seagulls.de\/wp-content\/uploads\/2018\/05\/Seagulls-Yorckschl\u00f6sschen-1024x550.jpg 1024w, https:\/\/swinging-seagulls.de\/wp-content\/uploads\/2018\/05\/Seagulls-Yorckschl\u00f6sschen-300x161.jpg 300w, https:\/\/swinging-seagulls.de\/wp-content\/uploads\/2018\/05\/Seagulls-Yorckschl\u00f6sschen-768x412.jpg 768w\" sizes=\"(max-width: 660px) 100vw, 660px\" \/><figcaption id=\"caption-attachment-25\" class=\"wp-caption-text\">Im Jazzclub &#8222;Yorkschl\u00f6sschen&#8220; in Berlin<\/figcaption><\/figure>\n<figure id=\"attachment_150\" aria-describedby=\"caption-attachment-150\" style=\"width: 660px\" class=\"wp-caption aligncenter\"><img loading=\"lazy\" decoding=\"async\" class=\"wp-image-150 size-large\" src=\"http:\/\/swinging-seagulls.de\/wp-content\/uploads\/2018\/05\/561A2959-2-1024x683.jpg\" alt=\"\" width=\"660\" height=\"440\" srcset=\"https:\/\/swinging-seagulls.de\/wp-content\/uploads\/2018\/05\/561A2959-2-1024x683.jpg 1024w, https:\/\/swinging-seagulls.de\/wp-content\/uploads\/2018\/05\/561A2959-2-300x200.jpg 300w, https:\/\/swinging-seagulls.de\/wp-content\/uploads\/2018\/05\/561A2959-2-768x512.jpg 768w\" sizes=\"(max-width: 660px) 100vw, 660px\" \/><figcaption id=\"caption-attachment-150\" class=\"wp-caption-text\">Im Jazzclub &#8222;Ursprung&#8220; in Rostock (Foto: Udo Kragl)<\/figcaption><\/figure>\n<p><img decoding=\"async\" class=\"details-image\" draggable=\"false\" src=\"http:\/\/swinging-seagulls.de\/wp-content\/uploads\/2018\/06\/IMG-20180610-WA0000-1024x576.jpg\" alt=\"\" \/><\/p>\n<p>Beim Benefiz-Konzert des Rotary Clubs in Neustadt\/Holstein.<\/p>\n<p><img loading=\"lazy\" decoding=\"async\" class=\"alignnone size-medium wp-image-321\" src=\"http:\/\/swinging-seagulls.de\/wp-content\/uploads\/2020\/09\/SSG-Bansin-11Sep2020-b-220x300.jpg\" alt=\"\" width=\"220\" height=\"300\" srcset=\"https:\/\/swinging-seagulls.de\/wp-content\/uploads\/2020\/09\/SSG-Bansin-11Sep2020-b-220x300.jpg 220w, https:\/\/swinging-seagulls.de\/wp-content\/uploads\/2020\/09\/SSG-Bansin-11Sep2020-b-768x1048.jpg 768w, https:\/\/swinging-seagulls.de\/wp-content\/uploads\/2020\/09\/SSG-Bansin-11Sep2020-b-750x1024.jpg 750w\" sizes=\"(max-width: 220px) 100vw, 220px\" \/><\/p>\n<p>Konzert im Seebad Bansin (Usedom)<\/p>\n<p><img loading=\"lazy\" decoding=\"async\" class=\"alignnone size-medium wp-image-188\" src=\"http:\/\/swinging-seagulls.de\/wp-content\/uploads\/2018\/06\/Ahrenshoop-Logo-300x181.jpg\" alt=\"\" width=\"300\" height=\"181\" srcset=\"https:\/\/swinging-seagulls.de\/wp-content\/uploads\/2018\/06\/Ahrenshoop-Logo-300x181.jpg 300w, https:\/\/swinging-seagulls.de\/wp-content\/uploads\/2018\/06\/Ahrenshoop-Logo-768x462.jpg 768w, https:\/\/swinging-seagulls.de\/wp-content\/uploads\/2018\/06\/Ahrenshoop-Logo-1024x616.jpg 1024w, https:\/\/swinging-seagulls.de\/wp-content\/uploads\/2018\/06\/Ahrenshoop-Logo.jpg 1700w\" sizes=\"(max-width: 300px) 100vw, 300px\" \/><\/p>\n<p><img decoding=\"async\" src=\"http:\/\/swinging-seagulls.de\/wp-content\/uploads\/2018\/06\/Ahrenshoop-23Jun2018-medium-1024x491.jpg\" \/><\/p>\n<p>Auftritt am 23. Juni 2018<\/p>\n<p><img loading=\"lazy\" decoding=\"async\" class=\"alignnone wp-image-225\" src=\"http:\/\/swinging-seagulls.de\/wp-content\/uploads\/2019\/01\/Yachthafen-Sept2018-d-300x219.jpg\" alt=\"\" width=\"266\" height=\"194\" \/><\/p>\n<p>Auftritt im Vielmeer, K\u00fchlungsborn<\/p>\n<p><span style=\"color: #ff0000;\">Text f\u00fcr die Presse<\/span><\/p>\n<p><span style=\"color: #ff0000;\">Ansprechpartner: Franz-Josef L\u00fcbken<\/span><br \/>\n<span style=\"color: #ff0000;\">Neue Reihe 20a,<\/span><br \/>\n<span style=\"color: #ff0000;\">18225 K\u00fchlungsborn<\/span><br \/>\n<span style=\"color: #ff0000;\">Email: luebken@iap-kborn.de<\/span><br \/>\n<span style=\"color: #ff0000;\">Tel.: 0173-6075382<\/span><\/p>\n<p><span style=\"color: #ff0000;\">Besetzung<\/span><br \/>\n<span style=\"color: #ff0000;\">Andreas Pasternack, Rostock, Tenor und Alt-Saxophon, Gesang<\/span><br \/>\n<span style=\"color: #ff0000;\">Franz-Josef L\u00fcbken, K\u00fchlungsborn, Piano<\/span><br \/>\n<span style=\"color: #ff0000;\">Christian Ahnsehl, Rostock, Gitarre<\/span><br \/>\n<span style=\"color: #ff0000;\">Enrique Marcano-Gonzalez, Caracas\/Venezuela, Kontrabass<\/span><\/p>\n<p><span style=\"color: #ff0000;\">Die Jazzband &#8222;Swinging Seagulls&#8220; hat sich im Jahr 2016 neu <\/span><span style=\"color: #ff0000;\">formiert und widmet sich dem Swing und den Standards der fr\u00fchen 20er und 30er Jahre.<\/span><\/p>\n<p><span style=\"color: #ff0000;\">Der Saxophonist und S\u00e4nger Andreas Pasternack gilt als einer der bekanntesten und <\/span><span style=\"color: #ff0000;\">beliebtesten Musiker unseres Landes, begeisterte jedoch auch schon in Japan, Polen <\/span><span style=\"color: #ff0000;\">und in den USA. Er leitet eine eigene Big-Band, moderiert einmal w\u00f6chentlich die <\/span><span style=\"color: #ff0000;\">NDR-Radiosendung &#8222;Jazztime&#8220; und ist Kulturpreistr\u00e4ger der<\/span><br \/>\n<span style=\"color: #ff0000;\">Hansestadt Rostock und des Landes Mecklenburg-Vorpommern.<\/span><\/p>\n<p><span style=\"color: #ff0000;\">Franz-Josef L\u00fcbken ist seit der Gr\u00fcndung im Jahre 1977 der musikalische Leiter der Bonner <\/span><span style=\"color: #ff0000;\">Jazzband &#8222;Doktor Jazz Ambulanz&#8220; (DJA), die in vielen in- und ausl\u00e4ndischen <\/span><span style=\"color: #ff0000;\">Jazzclubs und auf Festivals aufgetreten ist und den Wettbewerb &#8222;WDR-Stadtmusik&#8220; <\/span><span style=\"color: #ff0000;\">gewonnen hat. Er hat zu seinen Bonner Zeiten in verschiedenen Bands in Bonn, K\u00f6ln, Frankfurt <\/span><span style=\"color: #ff0000;\">und Berlin gespielt. Mit der DJA tritt er seit Jahren erfolgreich im K\u00fchlungsborner Raum <\/span><span style=\"color: #ff0000;\">auf.<\/span><\/p>\n<p><span style=\"color: #ff0000;\">Enrique Marcano-Gonzalez stammt aus Venezuela. Er erhielt sein Diplom im Fach<\/span> <span style=\"color: #ff0000;\">Kontrabass an der Hochschule f\u00fcr <\/span><span style=\"color: #ff0000;\">Musik und Theater in Rostock. Als freischaffender Bassist wirkt<\/span> <span style=\"color: #ff0000;\">er, neben vielen anderen Projekten, regelm\u00e4\u00dfig als Gast <\/span><span style=\"color: #ff0000;\">im Volkstheater Rostock mit.<\/span><\/p>\n<p><span style=\"color: #ff0000;\">Der Gitarrist Christian Ahnsehl absolvierte ein Politik- und Philosophiestudium,<\/span><br \/>\n<span style=\"color: #ff0000;\">arbeitete lange Zeit als Musiker auf Kreuzfahrtschiffen und steht seit<\/span><br \/>\n<span style=\"color: #ff0000;\">mittlerweile acht Jahren als musikalischer Partner von Andreas Pasternack auf der B\u00fchne.<\/span><\/p>\n<p><span style=\"color: #ff0000;\">Inzwischen veranstalten die &#8222;Seagulls&#8220; regelm\u00e4\u00dfig Konzerte in <\/span><span style=\"color: #ff0000;\">Hotels und Jazzclubs an der Ostseek\u00fcste, sind aber auch schon <\/span><span style=\"color: #ff0000;\">in anderen Gegenden aufgetreten, z. B. in Jazzclubs in Berlin.<\/span><\/p>\n<p><span style=\"color: #ff0000;\">Anl\u00e4sslich eines Konzerts schrieb der Pr\u00e4sident der Leibniz-Gemeinschaft, Herr Prof. Kleiner:<\/span><\/p>\n<p><em><span style=\"color: #ff0000;\">&#8222;M\u00f6wen &#8211; Sehnsuchts-Tiere auf Schwingen, nahbar und majest\u00e4tisch zugleich,<\/span><\/em><br \/>\n<em><span style=\"color: #ff0000;\">ziehen heimatlich verankert in weiten Kreisen, rufen Weite und Brausen ins Ged\u00e4chtnis. Genauso klingen und wirken sie auf ihr Publikum, die Herren der Swinging Seagulls, die <\/span><\/em><em><span style=\"color: #ff0000;\">die gesamte Leibniz-Gemeinschaft &#8230; melodisch beschwingt haben, unbeirrbar musikalisch, <\/span><\/em><em><span style=\"color: #ff0000;\">fr\u00f6hlich und ernsthaft, kraftvoll und rhythmisch,<\/span><\/em><br \/>\n<em><span style=\"color: #ff0000;\">mit Standards und Unkonventionellem, wenn sie R\u00e4ume <\/span><\/em><em><span style=\"color: #ff0000;\">\u00f6ffnen f\u00fcr Klang und Empfinden &#8211; weit \u00fcber Ort und<\/span><\/em> <span style=\"color: #ff0000;\"><em>Moment hinaus.<\/em>&#8222;<\/span><\/p>\n<p><span style=\"color: #ff0000;\">Die Swinging Seagulls haben sich sehr \u00fcber diesen kunstvollen Kommentar <\/span><span style=\"color: #ff0000;\">gefreut.<\/span><\/p>\n","protected":false},"excerpt":{"rendered":"<p>Beim Benefiz-Konzert des Rotary Clubs in Neustadt\/Holstein. Konzert im Seebad Bansin (Usedom) Auftritt am 23. Juni 2018 Auftritt im Vielmeer, K\u00fchlungsborn Text f\u00fcr die Presse Ansprechpartner: Franz-Josef L\u00fcbken Neue Reihe 20a, 18225 K\u00fchlungsborn Email: luebken@iap-kborn.de Tel.: 0173-6075382 Besetzung Andreas Pasternack, Rostock, Tenor und Alt-Saxophon, Gesang Franz-Josef L\u00fcbken, K\u00fchlungsborn, Piano Christian Ahnsehl, Rostock, Gitarre Enrique Marcano-Gonzalez, &hellip; <a href=\"https:\/\/swinging-seagulls.de\/?page_id=22\" class=\"more-link\"><span class=\"screen-reader-text\">Fotos und Presseinfo<\/span> weiterlesen<\/a><\/p>\n","protected":false},"author":2,"featured_media":0,"parent":0,"menu_order":0,"comment_status":"closed","ping_status":"closed","template":"","meta":{"footnotes":""},"class_list":["post-22","page","type-page","status-publish","hentry"],"_links":{"self":[{"href":"https:\/\/swinging-seagulls.de\/index.php?rest_route=\/wp\/v2\/pages\/22"}],"collection":[{"href":"https:\/\/swinging-seagulls.de\/index.php?rest_route=\/wp\/v2\/pages"}],"about":[{"href":"https:\/\/swinging-seagulls.de\/index.php?rest_route=\/wp\/v2\/types\/page"}],"author":[{"embeddable":true,"href":"https:\/\/swinging-seagulls.de\/index.php?rest_route=\/wp\/v2\/users\/2"}],"replies":[{"embeddable":true,"href":"https:\/\/swinging-seagulls.de\/index.php?rest_route=%2Fwp%2Fv2%2Fcomments&post=22"}],"version-history":[{"count":23,"href":"https:\/\/swinging-seagulls.de\/index.php?rest_route=\/wp\/v2\/pages\/22\/revisions"}],"predecessor-version":[{"id":322,"href":"https:\/\/swinging-seagulls.de\/index.php?rest_route=\/wp\/v2\/pages\/22\/revisions\/322"}],"wp:attachment":[{"href":"https:\/\/swinging-seagulls.de\/index.php?rest_route=%2Fwp%2Fv2%2Fmedia&parent=22"}],"curies":[{"name":"wp","href":"https:\/\/api.w.org\/{rel}","templated":true}]}}