{"id":21,"date":"2018-05-21T12:04:41","date_gmt":"2018-05-21T12:04:41","guid":{"rendered":"http:\/\/swinging-seagulls.de\/?page_id=21"},"modified":"2018-05-21T12:48:50","modified_gmt":"2018-05-21T12:48:50","slug":"bandmitglieder","status":"publish","type":"page","link":"https:\/\/swinging-seagulls.de\/?page_id=21","title":{"rendered":"Bandmitglieder"},"content":{"rendered":"<p><span style=\"color: #0000ff;\"><strong>Andreas Pasternack, Rostock, Tenor und Alt-Saxophon, Gesang<\/strong><\/span><\/p>\n<p><span style=\"color: #0000ff;\"><strong>Franz-Josef L\u00fcbken, K\u00fchlungsborn, Piano<\/strong><\/span><\/p>\n<p><span style=\"color: #0000ff;\"><strong>Christian Ahnsehl, Rostock, Gitarre<\/strong><\/span><\/p>\n<p><span style=\"color: #0000ff;\"><strong>Enrique Marcano-Gonz\u00e1lez, Caracas\/Venezuela, Kontrabass<\/strong><\/span><\/p>\n<p>&nbsp;<\/p>\n","protected":false},"excerpt":{"rendered":"<p>Andreas Pasternack, Rostock, Tenor und Alt-Saxophon, Gesang Franz-Josef L\u00fcbken, K\u00fchlungsborn, Piano Christian Ahnsehl, Rostock, Gitarre Enrique Marcano-Gonz\u00e1lez, Caracas\/Venezuela, Kontrabass &nbsp;<\/p>\n","protected":false},"author":2,"featured_media":0,"parent":0,"menu_order":0,"comment_status":"closed","ping_status":"closed","template":"","meta":{"footnotes":""},"class_list":["post-21","page","type-page","status-publish","hentry"],"_links":{"self":[{"href":"https:\/\/swinging-seagulls.de\/index.php?rest_route=\/wp\/v2\/pages\/21"}],"collection":[{"href":"https:\/\/swinging-seagulls.de\/index.php?rest_route=\/wp\/v2\/pages"}],"about":[{"href":"https:\/\/swinging-seagulls.de\/index.php?rest_route=\/wp\/v2\/types\/page"}],"author":[{"embeddable":true,"href":"https:\/\/swinging-seagulls.de\/index.php?rest_route=\/wp\/v2\/users\/2"}],"replies":[{"embeddable":true,"href":"https:\/\/swinging-seagulls.de\/index.php?rest_route=%2Fwp%2Fv2%2Fcomments&post=21"}],"version-history":[{"count":3,"href":"https:\/\/swinging-seagulls.de\/index.php?rest_route=\/wp\/v2\/pages\/21\/revisions"}],"predecessor-version":[{"id":76,"href":"https:\/\/swinging-seagulls.de\/index.php?rest_route=\/wp\/v2\/pages\/21\/revisions\/76"}],"wp:attachment":[{"href":"https:\/\/swinging-seagulls.de\/index.php?rest_route=%2Fwp%2Fv2%2Fmedia&parent=21"}],"curies":[{"name":"wp","href":"https:\/\/api.w.org\/{rel}","templated":true}]}}